{"id":64,"date":"2025-06-20T09:03:51","date_gmt":"2025-06-20T09:03:51","guid":{"rendered":"https:\/\/helenefruelund.dk\/test\/?page_id=64"},"modified":"2025-06-20T09:07:32","modified_gmt":"2025-06-20T09:07:32","slug":"referencer","status":"publish","type":"page","link":"https:\/\/helenefruelund.dk\/index.php\/referencer\/","title":{"rendered":"Referencer"},"content":{"rendered":"\t\t<div data-elementor-type=\"wp-page\" data-elementor-id=\"64\" class=\"elementor elementor-64\">\n\t\t\t\t<div class=\"elementor-element elementor-element-d375be5 e-flex e-con-boxed e-con e-parent\" data-id=\"d375be5\" data-element_type=\"container\" data-e-type=\"container\" data-settings=\"{&quot;background_background&quot;:&quot;classic&quot;}\">\n\t\t\t\t\t<div class=\"e-con-inner\">\n\t\t<div class=\"elementor-element elementor-element-71298f0 e-con-full e-flex e-con e-child\" data-id=\"71298f0\" data-element_type=\"container\" data-e-type=\"container\">\n\t\t\t\t<div class=\"elementor-element elementor-element-fc37b68 elementor-widget elementor-widget-text-editor\" data-id=\"fc37b68\" data-element_type=\"widget\" data-e-type=\"widget\" data-widget_type=\"text-editor.default\">\n\t\t\t\t<div class=\"elementor-widget-container\">\n\t\t\t\t\t\t\t\t\t<p><strong><a href=\"https:\/\/pestibus.dk\/\" target=\"_blank\" rel=\"noreferrer noopener\">Pestibus Skadedyrssikring<\/a><\/strong><\/p><p><strong><a href=\"https:\/\/www.losningfjernvarme.dk\/\" target=\"_blank\" rel=\"noreferrer noopener\">L\u00f8sning Fjernvarme<\/a><\/strong><\/p><p><strong><a href=\"https:\/\/dantas.dk\/\" target=\"_blank\" rel=\"noreferrer noopener\">Dantas Handel &amp; Service<\/a><\/strong><\/p><p><strong><a href=\"http:\/\/nordstatik.dk\/\" target=\"_blank\" rel=\"noreferrer noopener\">NORD Statik<\/a><\/strong><\/p><p><a href=\"https:\/\/wurtzgrafisk.dk\/\" target=\"_blank\" rel=\"noreferrer noopener\"><strong>W\u00dcRTZ Grafisk<\/strong><\/a><\/p><p><a href=\"https:\/\/drop-in-bingo.dk\/\" target=\"_blank\" rel=\"noreferrer noopener\"><strong>Drop In BINGO<\/strong><\/a><\/p><p><a href=\"https:\/\/dynamicsinspire.dk\/\" target=\"_blank\" rel=\"noreferrer noopener\"><strong>CAZT<\/strong><\/a> &#8211; Dynamics-Inspire: Fremtidens ERP l\u00f8sninger<\/p><p><a href=\"https:\/\/stouby-skole.aula.dk\/kontakt\/kontakt-os\" target=\"_blank\" rel=\"noreferrer noopener\"><strong>Den integrerede institution Skovly<\/strong><\/a><\/p><p><strong><a href=\"https:\/\/stoubymultihus.dk\/\" target=\"_blank\" rel=\"noreferrer noopener\">Stouby Multihus<\/a> <\/strong>v\/Peter Skov<\/p><p>                   <\/p><p><strong>Byr\u00e5dskandidat Viggo Kj\u00e6r Poulsen<\/strong>: <br \/><a href=\"https:\/\/hedensted.venstre.dk\/stouby-hornum.html\" target=\"_blank\" rel=\"noreferrer noopener\">https:\/\/hedensted.venstre.dk\/stouby-hornum.html<\/a><\/p>\t\t\t\t\t\t\t\t<\/div>\n\t\t\t\t<\/div>\n\t\t\t\t<\/div>\n\t\t<div class=\"elementor-element elementor-element-b860ea3 e-con-full e-flex e-con e-child\" data-id=\"b860ea3\" data-element_type=\"container\" data-e-type=\"container\">\n\t\t\t\t<div class=\"elementor-element elementor-element-4ecb4bf elementor-widget elementor-widget-image\" data-id=\"4ecb4bf\" data-element_type=\"widget\" data-e-type=\"widget\" data-widget_type=\"image.default\">\n\t\t\t\t<div class=\"elementor-widget-container\">\n\t\t\t\t\t\t\t\t\t\t\t\t\t\t\t<img fetchpriority=\"high\" decoding=\"async\" width=\"950\" height=\"713\" src=\"https:\/\/helenefruelund.dk\/wp-content\/uploads\/2025\/06\/skrive-1024x768.jpg\" class=\"attachment-large size-large wp-image-66\" alt=\"\" srcset=\"https:\/\/helenefruelund.dk\/wp-content\/uploads\/2025\/06\/skrive-1024x768.jpg 1024w, https:\/\/helenefruelund.dk\/wp-content\/uploads\/2025\/06\/skrive-300x225.jpg 300w, https:\/\/helenefruelund.dk\/wp-content\/uploads\/2025\/06\/skrive-2000x1500.jpg 2000w, https:\/\/helenefruelund.dk\/wp-content\/uploads\/2025\/06\/skrive-1536x1152.jpg 1536w, https:\/\/helenefruelund.dk\/wp-content\/uploads\/2025\/06\/skrive-2048x1536.jpg 2048w\" sizes=\"100vw\" \/>\t\t\t\t\t\t\t\t\t\t\t\t\t\t\t<\/div>\n\t\t\t\t<\/div>\n\t\t\t\t<\/div>\n\t\t\t\t\t<\/div>\n\t\t\t\t<\/div>\n\t\t<div class=\"elementor-element elementor-element-9114270 e-flex e-con-boxed e-con e-parent\" data-id=\"9114270\" data-element_type=\"container\" data-e-type=\"container\" data-settings=\"{&quot;background_background&quot;:&quot;classic&quot;}\">\n\t\t\t\t\t<div class=\"e-con-inner\">\n\t\t<div class=\"elementor-element elementor-element-d4b141f e-flex e-con-boxed e-con e-child\" data-id=\"d4b141f\" data-element_type=\"container\" data-e-type=\"container\">\n\t\t\t\t\t<div class=\"e-con-inner\">\n\t\t\t\t<div class=\"elementor-element elementor-element-c7536a4 elementor-widget elementor-widget-text-editor\" data-id=\"c7536a4\" data-element_type=\"widget\" data-e-type=\"widget\" data-widget_type=\"text-editor.default\">\n\t\t\t\t<div class=\"elementor-widget-container\">\n\t\t\t\t\t\t\t\t\t<p><a href=\"http:\/\/www.seensalme.dk\" target=\"_blank\" rel=\"noreferrer noopener\"><strong>Seensalme.dk<\/strong><\/a> og <a href=\"http:\/\/www.nogetmedsalmer.dk\" target=\"_blank\" rel=\"noreferrer noopener\"><strong>nogetmedsalmer.dk<\/strong><\/a>:<br><em>\u201dHelene er lige pr\u00e6cis den skarpe og pr\u00e6cise pen, der kan oms\u00e6tte mine tanker og ideer til klare, modtagerrettede budskaber. Som selvst\u00e6ndig er det en k\u00e6mpe hj\u00e6lp at kunne koncentrere sig om det jeg br\u00e6nder for, det jeg er god til \u2013 og lade Helene ordne formuleringerne\u201d.<\/em><br> &#8211; Mette Gautier, ejer og stifter af <a href=\"http:\/\/www.seensalme.dk\" target=\"_blank\" rel=\"noreferrer noopener\">seensalme.dk<\/a> og <a href=\"http:\/\/www.nogetmedsalmer.dk\" target=\"_blank\" rel=\"noreferrer noopener\">nogetmedsalmer.dk<\/a><\/p><p>\n\n\n\n\n\n<\/p><p><a href=\"http:\/\/www.atrejsemedboern.dk\" target=\"_blank\" rel=\"noreferrer noopener\"><strong>Atrejsemedboern.dk<\/strong><\/a>:<br><em>\u201dHelene har leveret en fantastisk rejseberetning til min hjemmeside, hvor hun rammer min m\u00e5lgruppe spot on. Som altid er Helene skarp rent sprogligt, og samtidig med at hun krydrer fort\u00e6llingen med sin meget karakteristiske og helt s\u00e6rlige form for humor, som f\u00e5r selv den mest rejseskeptiske til at tr\u00e6kke p\u00e5 smileb\u00e5ndet, tager hun alle med p\u00e5 en rejse til Sri Lanka<\/em>&#8220;.<br> &#8211; Christina J.K., ejer af <a href=\"http:\/\/www.atrejsemedboern.dk\" target=\"_blank\" rel=\"noreferrer noopener\">atrejsemedboern.dk<\/a> &nbsp;<\/p>\t\t\t\t\t\t\t\t<\/div>\n\t\t\t\t<\/div>\n\t\t\t\t\t<\/div>\n\t\t\t\t<\/div>\n\t\t\t\t\t<\/div>\n\t\t\t\t<\/div>\n\t\t\t\t<\/div>\n\t\t","protected":false},"excerpt":{"rendered":"<p>Pestibus Skadedyrssikring L\u00f8sning Fjernvarme Dantas Handel &amp; Service NORD Statik W\u00dcRTZ Grafisk Drop In BINGO CAZT &#8211; Dynamics-Inspire: Fremtidens ERP l\u00f8sninger Den integrerede institution Skovly Stouby Multihus v\/Peter Skov Byr\u00e5dskandidat Viggo Kj\u00e6r Poulsen: https:\/\/hedensted.venstre.dk\/stouby-hornum.html Seensalme.dk og nogetmedsalmer.dk:\u201dHelene er lige pr\u00e6cis den skarpe og pr\u00e6cise pen, der kan oms\u00e6tte mine tanker og ideer til klare, modtagerrettede &hellip; <\/p>\n<p class=\"link-more\"><a href=\"https:\/\/helenefruelund.dk\/index.php\/referencer\/\" class=\"more-link\">L\u00e6s mere<span class=\"screen-reader-text\"> \u201cReferencer\u201d<\/span><\/a><\/p>\n","protected":false},"author":1,"featured_media":0,"parent":0,"menu_order":0,"comment_status":"closed","ping_status":"closed","template":"elementor_header_footer","meta":{"inspiro_hide_title":false,"footnotes":""},"class_list":["post-64","page","type-page","status-publish","hentry"],"_links":{"self":[{"href":"https:\/\/helenefruelund.dk\/index.php\/wp-json\/wp\/v2\/pages\/64","targetHints":{"allow":["GET"]}}],"collection":[{"href":"https:\/\/helenefruelund.dk\/index.php\/wp-json\/wp\/v2\/pages"}],"about":[{"href":"https:\/\/helenefruelund.dk\/index.php\/wp-json\/wp\/v2\/types\/page"}],"author":[{"embeddable":true,"href":"https:\/\/helenefruelund.dk\/index.php\/wp-json\/wp\/v2\/users\/1"}],"replies":[{"embeddable":true,"href":"https:\/\/helenefruelund.dk\/index.php\/wp-json\/wp\/v2\/comments?post=64"}],"version-history":[{"count":4,"href":"https:\/\/helenefruelund.dk\/index.php\/wp-json\/wp\/v2\/pages\/64\/revisions"}],"predecessor-version":[{"id":69,"href":"https:\/\/helenefruelund.dk\/index.php\/wp-json\/wp\/v2\/pages\/64\/revisions\/69"}],"wp:attachment":[{"href":"https:\/\/helenefruelund.dk\/index.php\/wp-json\/wp\/v2\/media?parent=64"}],"curies":[{"name":"wp","href":"https:\/\/api.w.org\/{rel}","templated":true}]}}