{"id":22,"date":"2025-06-20T08:14:23","date_gmt":"2025-06-20T08:14:23","guid":{"rendered":"https:\/\/helenefruelund.dk\/test\/?page_id=22"},"modified":"2025-06-20T08:59:14","modified_gmt":"2025-06-20T08:59:14","slug":"passion","status":"publish","type":"page","link":"https:\/\/helenefruelund.dk\/index.php\/passion\/","title":{"rendered":"Passion"},"content":{"rendered":"\t\t<div data-elementor-type=\"wp-post\" data-elementor-id=\"22\" class=\"elementor elementor-22\">\n\t\t\t\t<div class=\"elementor-element elementor-element-1a3ce4a e-flex e-con-boxed e-con e-parent\" data-id=\"1a3ce4a\" data-element_type=\"container\" data-e-type=\"container\" data-settings=\"{&quot;background_background&quot;:&quot;classic&quot;}\">\n\t\t\t\t\t<div class=\"e-con-inner\">\n\t\t<div class=\"elementor-element elementor-element-08290b2 e-con-full e-flex e-con e-child\" data-id=\"08290b2\" data-element_type=\"container\" data-e-type=\"container\" data-settings=\"{&quot;background_background&quot;:&quot;classic&quot;}\">\n\t\t\t\t<div class=\"elementor-element elementor-element-eef6eb0 elementor-widget elementor-widget-text-editor\" data-id=\"eef6eb0\" data-element_type=\"widget\" data-e-type=\"widget\" data-widget_type=\"text-editor.default\">\n\t\t\t\t<div class=\"elementor-widget-container\">\n\t\t\t\t\t\t\t\t\t<p style=\"margin-bottom: 20px; background-color: #ffffff; overflow-wrap: break-word;\"><span style=\"font-weight: bold;\">Godt udstyr og gode rammer frigiver energi til at fokusere p\u00e5 m\u00e5let<\/span><\/p><p style=\"margin-bottom: 20px; background-color: #ffffff; overflow-wrap: break-word;\">Jeg hedder Helene Fruelund Pedersen og er oprindelig uddannet sociolog \u2013 i 2006 \u2013 fra hhv. Universitetet i Oslo og Aarhus Universitet.<\/p><p style=\"margin-bottom: 20px; background-color: #ffffff; overflow-wrap: break-word;\">Jeg har arbejdet med tekst og kommunikation i mange \u00e5r, og det er tidligt g\u00e5et op for mig, at jeg br\u00e6nder for \u201dden gode formulering\u201d:<br \/>Jeg kan simpelthen ikke lade v\u00e6re!<br \/>Det smitter af p\u00e5 energien og engagementet i b\u00e5de arbejdet og fritiden.<\/p>\t\t\t\t\t\t\t\t<\/div>\n\t\t\t\t<\/div>\n\t\t\t\t<\/div>\n\t\t<div class=\"elementor-element elementor-element-47b020a e-con-full e-flex e-con e-child\" data-id=\"47b020a\" data-element_type=\"container\" data-e-type=\"container\">\n\t\t\t\t<div class=\"elementor-element elementor-element-a124c6b elementor-widget elementor-widget-image\" data-id=\"a124c6b\" data-element_type=\"widget\" data-e-type=\"widget\" data-widget_type=\"image.default\">\n\t\t\t\t<div class=\"elementor-widget-container\">\n\t\t\t\t\t\t\t\t\t\t\t\t\t\t\t<img fetchpriority=\"high\" decoding=\"async\" width=\"950\" height=\"797\" src=\"https:\/\/helenefruelund.dk\/wp-content\/uploads\/2025\/06\/Helene-ved-bord-1024x859.jpg\" class=\"attachment-large size-large wp-image-59\" alt=\"\" srcset=\"https:\/\/helenefruelund.dk\/wp-content\/uploads\/2025\/06\/Helene-ved-bord-1024x859.jpg 1024w, https:\/\/helenefruelund.dk\/wp-content\/uploads\/2025\/06\/Helene-ved-bord-300x252.jpg 300w, https:\/\/helenefruelund.dk\/wp-content\/uploads\/2025\/06\/Helene-ved-bord-2000x1677.jpg 2000w, https:\/\/helenefruelund.dk\/wp-content\/uploads\/2025\/06\/Helene-ved-bord-1536x1288.jpg 1536w, https:\/\/helenefruelund.dk\/wp-content\/uploads\/2025\/06\/Helene-ved-bord-2048x1718.jpg 2048w\" sizes=\"100vw\" \/>\t\t\t\t\t\t\t\t\t\t\t\t\t\t\t<\/div>\n\t\t\t\t<\/div>\n\t\t\t\t<\/div>\n\t\t\t\t\t<\/div>\n\t\t\t\t<\/div>\n\t\t<div class=\"elementor-element elementor-element-8baea2e e-con-full e-flex e-con e-parent\" data-id=\"8baea2e\" data-element_type=\"container\" data-e-type=\"container\" data-settings=\"{&quot;background_background&quot;:&quot;classic&quot;}\">\n\t\t<div class=\"elementor-element elementor-element-3b2db44 e-flex e-con-boxed e-con e-child\" data-id=\"3b2db44\" data-element_type=\"container\" data-e-type=\"container\">\n\t\t\t\t\t<div class=\"e-con-inner\">\n\t\t\t\t<div class=\"elementor-element elementor-element-214da7b elementor-widget elementor-widget-text-editor\" data-id=\"214da7b\" data-element_type=\"widget\" data-e-type=\"widget\" data-widget_type=\"text-editor.default\">\n\t\t\t\t<div class=\"elementor-widget-container\">\n\t\t\t\t\t\t\t\t\t<p class=\"MsoNormal\" style=\"margin-bottom: 20px; overflow-wrap: break-word;\"><span style=\"font-weight: 700;\">Erfaring med tekst og kommunikation<o:p><\/o:p><\/span><\/p><ul type=\"disc\" style=\"margin-top: 0cm; margin-bottom: 25px;\"><li class=\"MsoNormal\" style=\"list-style-position: inside; list-style-type: square;\">Udvikling og vedligehold af hjemmesider og intranet<o:p><\/o:p><\/li><li class=\"MsoNormal\" style=\"list-style-position: inside; list-style-type: square;\">Netv\u00e6rkssamarbejde<o:p><\/o:p><\/li><li class=\"MsoNormal\" style=\"list-style-position: inside; list-style-type: square;\">Evaluering af kommunal omr\u00e5depolitik<o:p><\/o:p><\/li><li class=\"MsoNormal\" style=\"list-style-position: inside; list-style-type: square;\">Udarbejdelse af virksomhedsplaner og revision af resultater<o:p><\/o:p><\/li><li class=\"MsoNormal\" style=\"list-style-position: inside; list-style-type: square;\">Projekt-facilitering og -administration ved diverse projekter, f.eks. digitaliseringsprocesser og innovationsarbejde<o:p><\/o:p><\/li><li class=\"MsoNormal\" style=\"list-style-position: inside; list-style-type: square;\">Administrative opgaver for og i samarbejde med politikere<o:p><\/o:p><\/li><li class=\"MsoNormal\" style=\"list-style-position: inside; list-style-type: square;\">Pressekontakt, pressemeddelelser<o:p><\/o:p><\/li><li class=\"MsoNormal\" style=\"list-style-position: inside; list-style-type: square;\">Udarbejdelse af pjecer, produktblade<o:p><\/o:p><\/li><li class=\"MsoNormal\" style=\"list-style-position: inside; list-style-type: square;\">Dataindsamling<o:p><\/o:p><\/li><li class=\"MsoNormal\" style=\"list-style-position: inside; list-style-type: square;\">Informationsformidling af projektforl\u00f8b og \u2013resultater<o:p><\/o:p><\/li><li class=\"MsoNormal\" style=\"list-style-position: inside; list-style-type: square;\">Planl\u00e6gning og gennemf\u00f8rsel af interviews<o:p><\/o:p><\/li><li class=\"MsoNormal\" style=\"list-style-position: inside; list-style-type: square;\">Div. projektopgaver for og i samarbejde med forskere og konsulenter<o:p><\/o:p><\/li><li class=\"MsoNormal\" style=\"list-style-position: inside; list-style-type: square;\">Medarbejderintroduktion<o:p><\/o:p><\/li><li class=\"MsoNormal\" style=\"list-style-position: inside; list-style-type: square;\">Korrekturl\u00e6sning.<o:p><\/o:p><\/li><\/ul><p style=\"margin-bottom: 20px; overflow-wrap: break-word;\"><\/p><p class=\"MsoNormal\" style=\"margin-bottom: 20px; overflow-wrap: break-word;\">Derudover har jeg en bred erhvervsbaggrund og frivilligt arbejde som redakt\u00f8r af husstandsomdelt blad, udarbejdelse af hjemmesider for lokale foreninger, initiativtager og ansvarlig for forskellige l\u00f8b og diverse poster i lokale bestyrelser<span style=\"font-weight: 700;\">.<\/span><\/p>\t\t\t\t\t\t\t\t<\/div>\n\t\t\t\t<\/div>\n\t\t\t\t\t<\/div>\n\t\t\t\t<\/div>\n\t\t\t\t<\/div>\n\t\t\t\t<\/div>\n\t\t","protected":false},"excerpt":{"rendered":"<p>Godt udstyr og gode rammer frigiver energi til at fokusere p\u00e5 m\u00e5let Jeg hedder Helene Fruelund Pedersen og er oprindelig uddannet sociolog \u2013 i 2006 \u2013 fra hhv. Universitetet i Oslo og Aarhus Universitet. Jeg har arbejdet med tekst og kommunikation i mange \u00e5r, og det er tidligt g\u00e5et op for mig, at jeg br\u00e6nder &hellip; <\/p>\n<p class=\"link-more\"><a href=\"https:\/\/helenefruelund.dk\/index.php\/passion\/\" class=\"more-link\">L\u00e6s mere<span class=\"screen-reader-text\"> \u201cPassion\u201d<\/span><\/a><\/p>\n","protected":false},"author":1,"featured_media":0,"parent":0,"menu_order":0,"comment_status":"closed","ping_status":"closed","template":"elementor_header_footer","meta":{"inspiro_hide_title":false,"footnotes":""},"class_list":["post-22","page","type-page","status-publish","hentry"],"_links":{"self":[{"href":"https:\/\/helenefruelund.dk\/index.php\/wp-json\/wp\/v2\/pages\/22","targetHints":{"allow":["GET"]}}],"collection":[{"href":"https:\/\/helenefruelund.dk\/index.php\/wp-json\/wp\/v2\/pages"}],"about":[{"href":"https:\/\/helenefruelund.dk\/index.php\/wp-json\/wp\/v2\/types\/page"}],"author":[{"embeddable":true,"href":"https:\/\/helenefruelund.dk\/index.php\/wp-json\/wp\/v2\/users\/1"}],"replies":[{"embeddable":true,"href":"https:\/\/helenefruelund.dk\/index.php\/wp-json\/wp\/v2\/comments?post=22"}],"version-history":[{"count":13,"href":"https:\/\/helenefruelund.dk\/index.php\/wp-json\/wp\/v2\/pages\/22\/revisions"}],"predecessor-version":[{"id":62,"href":"https:\/\/helenefruelund.dk\/index.php\/wp-json\/wp\/v2\/pages\/22\/revisions\/62"}],"wp:attachment":[{"href":"https:\/\/helenefruelund.dk\/index.php\/wp-json\/wp\/v2\/media?parent=22"}],"curies":[{"name":"wp","href":"https:\/\/api.w.org\/{rel}","templated":true}]}}