{"id":16,"date":"2025-06-20T06:37:42","date_gmt":"2025-06-20T06:37:42","guid":{"rendered":"https:\/\/helenefruelund.dk\/test\/?page_id=16"},"modified":"2025-06-20T07:56:14","modified_gmt":"2025-06-20T07:56:14","slug":"forside","status":"publish","type":"page","link":"https:\/\/helenefruelund.dk\/","title":{"rendered":"Forside"},"content":{"rendered":"\t\t<div data-elementor-type=\"wp-page\" data-elementor-id=\"16\" class=\"elementor elementor-16\">\n\t\t\t\t<div class=\"elementor-element elementor-element-411869d e-flex e-con-boxed e-con e-parent\" data-id=\"411869d\" data-element_type=\"container\" data-e-type=\"container\">\n\t\t\t\t\t<div class=\"e-con-inner\">\n\t\t\t\t<div class=\"elementor-element elementor-element-e6b5bf0 elementor-widget elementor-widget-heading\" data-id=\"e6b5bf0\" data-element_type=\"widget\" data-e-type=\"widget\" data-widget_type=\"heading.default\">\n\t\t\t\t<div class=\"elementor-widget-container\">\n\t\t\t\t\t<h2 class=\"elementor-heading-title elementor-size-default\">Vil du n\u00e5 ud til flere kunder?<\/h2>\t\t\t\t<\/div>\n\t\t\t\t<\/div>\n\t\t\t\t\t<\/div>\n\t\t\t\t<\/div>\n\t\t<div class=\"elementor-element elementor-element-6f7974d e-flex e-con-boxed e-con e-parent\" data-id=\"6f7974d\" data-element_type=\"container\" data-e-type=\"container\" data-settings=\"{&quot;background_background&quot;:&quot;classic&quot;}\">\n\t\t\t\t\t<div class=\"e-con-inner\">\n\t\t\t\t<div class=\"elementor-element elementor-element-7faefcb elementor-widget elementor-widget-video\" data-id=\"7faefcb\" data-element_type=\"widget\" data-e-type=\"widget\" data-settings=\"{&quot;video_type&quot;:&quot;hosted&quot;,&quot;controls&quot;:&quot;yes&quot;}\" data-widget_type=\"video.default\">\n\t\t\t\t<div class=\"elementor-widget-container\">\n\t\t\t\t\t\t\t<div class=\"e-hosted-video elementor-wrapper elementor-open-inline\">\n\t\t\t\t\t<video class=\"elementor-video\" src=\"https:\/\/helenefruelund.dk\/test\/wp-content\/uploads\/2025\/06\/video.mov\" controls=\"\" preload=\"metadata\" controlsList=\"nodownload\"><\/video>\n\t\t\t\t<\/div>\n\t\t\t\t\t\t<\/div>\n\t\t\t\t<\/div>\n\t\t\t\t\t<\/div>\n\t\t\t\t<\/div>\n\t\t<div class=\"elementor-element elementor-element-ca3a548 e-flex e-con-boxed e-con e-parent\" data-id=\"ca3a548\" data-element_type=\"container\" data-e-type=\"container\">\n\t\t\t\t\t<div class=\"e-con-inner\">\n\t\t\t\t<div class=\"elementor-element elementor-element-631412a elementor-widget elementor-widget-text-editor\" data-id=\"631412a\" data-element_type=\"widget\" data-e-type=\"widget\" data-widget_type=\"text-editor.default\">\n\t\t\t\t<div class=\"elementor-widget-container\">\n\t\t\t\t\t\t\t\t\t<p><span style=\"box-sizing: inherit; border: 0px; font-size: 23px; font-weight: 700; margin: 0px; outline: 0px; padding: 0px; vertical-align: baseline; color: rgb(75, 79, 88); font-family: -apple-system, BlinkMacSystemFont, &quot;Segoe UI&quot;, Roboto, Oxygen-Sans, Ubuntu, Cantarell, &quot;Helvetica Neue&quot;, sans-serif; text-align: center;\">Telefonnummer<\/span><br style=\"box-sizing: inherit; color: rgb(75, 79, 88); font-family: -apple-system, BlinkMacSystemFont, &quot;Segoe UI&quot;, Roboto, Oxygen-Sans, Ubuntu, Cantarell, &quot;Helvetica Neue&quot;, sans-serif; font-size: 23px; text-align: center;\"><span style=\"box-sizing: inherit; border: 0px; font-size: 23px; font-weight: 700; margin: 0px; outline: 0px; padding: 0px; vertical-align: baseline; color: rgb(75, 79, 88); font-family: -apple-system, BlinkMacSystemFont, &quot;Segoe UI&quot;, Roboto, Oxygen-Sans, Ubuntu, Cantarell, &quot;Helvetica Neue&quot;, sans-serif; text-align: center;\">21 82 96 22<\/span><\/p>\t\t\t\t\t\t\t\t<\/div>\n\t\t\t\t<\/div>\n\t\t\t\t\t<\/div>\n\t\t\t\t<\/div>\n\t\t<div class=\"elementor-element elementor-element-e82f695 e-flex e-con-boxed e-con e-parent\" data-id=\"e82f695\" data-element_type=\"container\" data-e-type=\"container\" data-settings=\"{&quot;background_background&quot;:&quot;classic&quot;}\">\n\t\t\t\t\t<div class=\"e-con-inner\">\n\t\t\t\t<div class=\"elementor-element elementor-element-73f4719 elementor-widget elementor-widget-text-editor\" data-id=\"73f4719\" data-element_type=\"widget\" data-e-type=\"widget\" data-widget_type=\"text-editor.default\">\n\t\t\t\t<div class=\"elementor-widget-container\">\n\t\t\t\t\t\t\t\t\t<p style=\"box-sizing: inherit; border: 0px; font-size: 15px; margin-bottom: 1.6em; outline: 0px; vertical-align: baseline; color: rgb(75, 79, 88); font-family: -apple-system, BlinkMacSystemFont, &quot;Segoe UI&quot;, Roboto, Oxygen-Sans, Ubuntu, Cantarell, &quot;Helvetica Neue&quot;, sans-serif;\">HeleneFruelund.dk hj\u00e6lper dig og din virksomhed, s\u00e5 dine ord n\u00e5r ud til flere. Klart og direkte.<\/p><p style=\"box-sizing: inherit; border: 0px; font-size: 15px; margin-bottom: 1.6em; outline: 0px; vertical-align: baseline; color: rgb(75, 79, 88); font-family: -apple-system, BlinkMacSystemFont, &quot;Segoe UI&quot;, Roboto, Oxygen-Sans, Ubuntu, Cantarell, &quot;Helvetica Neue&quot;, sans-serif;\">Er vi enige om, at n\u00e5r du m\u00f8der en potentiel ny kunde, s\u00e5 s\u00f8rger du for, at firmabilen er ren og ryddelig, og at der ikke mangler en knap i din arbejdsskjorte?<br style=\"box-sizing: inherit;\">P\u00e5 samme m\u00e5de s\u00f8rger jeg for, at din tekst er professionel og klar, s\u00e5 din kunde fokuserer p\u00e5 det, du gerne vil vise og fort\u00e6lle, i stedet for uklare formuleringer eller \u00e6rgerlige stavefejl.<\/p><p style=\"box-sizing: inherit; border: 0px; font-size: 15px; margin-bottom: 1.6em; outline: 0px; vertical-align: baseline; color: rgb(75, 79, 88); font-family: -apple-system, BlinkMacSystemFont, &quot;Segoe UI&quot;, Roboto, Oxygen-Sans, Ubuntu, Cantarell, &quot;Helvetica Neue&quot;, sans-serif;\">Jeg designer din tekst p\u00e5 den rigtige m\u00e5de, s\u00e5 den passer til netop din m\u00e5lgruppe, din virksomhed, og det du vil opn\u00e5. Du f\u00e5r en tekst, der er sat op p\u00e5 den mest hensigtsm\u00e6ssige m\u00e5de, s\u00e5 modtageren fokuserer p\u00e5 dit budskab.<\/p><p style=\"box-sizing: inherit; border: 0px; font-size: 15px; margin-bottom: 1.6em; outline: 0px; vertical-align: baseline; color: rgb(75, 79, 88); font-family: -apple-system, BlinkMacSystemFont, &quot;Segoe UI&quot;, Roboto, Oxygen-Sans, Ubuntu, Cantarell, &quot;Helvetica Neue&quot;, sans-serif;\"><span style=\"box-sizing: inherit; border: 0px; font-style: inherit; font-weight: 700; margin: 0px; outline: 0px; padding: 0px; vertical-align: baseline;\">Dit udbytte hos HeleneFruelund.dk<\/span><\/p><p style=\"box-sizing: inherit; border: 0px; font-size: 15px; margin-bottom: 1.6em; outline: 0px; vertical-align: baseline; color: rgb(75, 79, 88); font-family: -apple-system, BlinkMacSystemFont, &quot;Segoe UI&quot;, Roboto, Oxygen-Sans, Ubuntu, Cantarell, &quot;Helvetica Neue&quot;, sans-serif;\"><span style=\"box-sizing: inherit; border: 0px; font-style: inherit; font-weight: 700; margin: 0px; outline: 0px; padding: 0px; vertical-align: baseline;\">Vores samarbejde om dit budskab giver dig:<\/span><\/p><ul class=\"wp-block-list\" style=\"border: 0px; font-size: 15px; margin-left: 3em; outline: 0px; vertical-align: baseline; color: rgb(75, 79, 88); font-family: -apple-system, BlinkMacSystemFont, &quot;Segoe UI&quot;, Roboto, Oxygen-Sans, Ubuntu, Cantarell, &quot;Helvetica Neue&quot;, sans-serif;\"><li style=\"box-sizing: inherit; border: 0px; font-style: inherit; font-weight: inherit; margin: 0px; outline: 0px; padding: 0px; vertical-align: baseline;\">st\u00f8rre opm\u00e6rksomhed p\u00e5, hvad du vil vise i dit salg<\/li><li style=\"box-sizing: inherit; border: 0px; font-style: inherit; font-weight: inherit; margin: 0px; outline: 0px; padding: 0px; vertical-align: baseline;\">flere ressourcer til at g\u00f8re det, som du er god til og<\/li><li style=\"box-sizing: inherit; border: 0px; font-style: inherit; font-weight: inherit; margin: 0px; outline: 0px; padding: 0px; vertical-align: baseline;\">st\u00f8rre fokus p\u00e5, hvilke sider af dig selv du skal fremh\u00e6ve, n\u00e5r du laver din \u201celevatortale\u201d.&nbsp;&nbsp;<\/li><\/ul><p style=\"box-sizing: inherit; border: 0px; font-size: 15px; margin-bottom: 1.6em; outline: 0px; vertical-align: baseline; color: rgb(75, 79, 88); font-family: -apple-system, BlinkMacSystemFont, &quot;Segoe UI&quot;, Roboto, Oxygen-Sans, Ubuntu, Cantarell, &quot;Helvetica Neue&quot;, sans-serif;\"><span style=\"box-sizing: inherit; border: 0px; font-style: inherit; font-weight: 700; margin: 0px; outline: 0px; padding: 0px; vertical-align: baseline;\">Konkret giver vores samarbejde dig:<\/span><\/p><ul class=\"wp-block-list\" style=\"border: 0px; font-size: 15px; margin-left: 3em; outline: 0px; vertical-align: baseline; color: rgb(75, 79, 88); font-family: -apple-system, BlinkMacSystemFont, &quot;Segoe UI&quot;, Roboto, Oxygen-Sans, Ubuntu, Cantarell, &quot;Helvetica Neue&quot;, sans-serif;\"><li style=\"box-sizing: inherit; border: 0px; font-style: inherit; font-weight: inherit; margin: 0px; outline: 0px; padding: 0px; vertical-align: baseline;\">Hjemmesidetekster<\/li><li style=\"box-sizing: inherit; border: 0px; font-style: inherit; font-weight: inherit; margin: 0px; outline: 0px; padding: 0px; vertical-align: baseline;\">Tekster til brochurer og foldere<\/li><li style=\"box-sizing: inherit; border: 0px; font-style: inherit; font-weight: inherit; margin: 0px; outline: 0px; padding: 0px; vertical-align: baseline;\">Pressemeddelelser<\/li><li style=\"box-sizing: inherit; border: 0px; font-style: inherit; font-weight: inherit; margin: 0px; outline: 0px; padding: 0px; vertical-align: baseline;\">Produktbeskrivelser<\/li><li style=\"box-sizing: inherit; border: 0px; font-style: inherit; font-weight: inherit; margin: 0px; outline: 0px; padding: 0px; vertical-align: baseline;\">Korrekturl\u00e6sning<\/li><li style=\"box-sizing: inherit; border: 0px; font-style: inherit; font-weight: inherit; margin: 0px; outline: 0px; padding: 0px; vertical-align: baseline;\">Forfatterhj\u00e6lp<\/li><li style=\"box-sizing: inherit; border: 0px; font-style: inherit; font-weight: inherit; margin: 0px; outline: 0px; padding: 0px; vertical-align: baseline;\">Facebook- og LinkedIn-opslag<\/li><li style=\"box-sizing: inherit; border: 0px; font-style: inherit; font-weight: inherit; margin: 0px; outline: 0px; padding: 0px; vertical-align: baseline;\">Blogindl\u00e6g<\/li><li style=\"box-sizing: inherit; border: 0px; font-style: inherit; font-weight: inherit; margin: 0px; outline: 0px; padding: 0px; vertical-align: baseline;\">Artikler<\/li><li style=\"box-sizing: inherit; border: 0px; font-style: inherit; font-weight: inherit; margin: 0px; outline: 0px; padding: 0px; vertical-align: baseline;\">Nyhedsbreve<\/li><li style=\"box-sizing: inherit; border: 0px; font-style: inherit; font-weight: inherit; margin: 0px; outline: 0px; padding: 0px; vertical-align: baseline;\">Virksomhedsbeskrivelser<\/li><li style=\"box-sizing: inherit; border: 0px; font-style: inherit; font-weight: inherit; margin: 0px; outline: 0px; padding: 0px; vertical-align: baseline;\">Brugsanvisninger og manualer<\/li><li style=\"box-sizing: inherit; border: 0px; font-style: inherit; font-weight: inherit; margin: 0px; outline: 0px; padding: 0px; vertical-align: baseline;\">Overs\u00e6ttelse: norsk-dansk\/dansk-norsk og engelsk-dansk\/dansk-engelsk. Sp\u00f8rg, hvis du har brug for hj\u00e6lp med andre sprog \u2013 jeg har et godt netv\u00e6rk af sprogkyndige.<\/li><\/ul><p style=\"box-sizing: inherit; border: 0px; font-size: 15px; margin-bottom: 0px; outline: 0px; vertical-align: baseline; color: rgb(75, 79, 88); font-family: -apple-system, BlinkMacSystemFont, &quot;Segoe UI&quot;, Roboto, Oxygen-Sans, Ubuntu, Cantarell, &quot;Helvetica Neue&quot;, sans-serif;\"><span style=\"box-sizing: inherit; border: 0px; font-style: inherit; font-weight: 700; margin: 0px; outline: 0px; padding: 0px; vertical-align: baseline;\">Jeg er din samarbejdspartner \u2013 ikke din leverand\u00f8r<\/span><br style=\"box-sizing: inherit;\">Jeg laver din tekst i samarbejde med dig og din virksomhed. Vi starter med en snak, om hvad du vil kommunikere, til hvem og hvorfor. Alternativt har du allerede en tekst, som jeg bygger videre p\u00e5. Det er mig, der s\u00f8rger for resultatet, men det er vigtigt for processen, at du kan genkende dig og din virksomhed i budskabet.<br style=\"box-sizing: inherit;\"><br style=\"box-sizing: inherit;\"><span style=\"box-sizing: inherit; border: 0px; font-style: inherit; font-weight: 700; margin: 0px; outline: 0px; padding: 0px; vertical-align: baseline;\">Hvad koster det?<\/span><br style=\"box-sizing: inherit;\">Min timepris er 800 kroner + moms.<br style=\"box-sizing: inherit;\">Jeg leverer som udgangspunkt produktet til dig i Word-dokument via mail.<\/p>\t\t\t\t\t\t\t\t<\/div>\n\t\t\t\t<\/div>\n\t\t\t\t\t<\/div>\n\t\t\t\t<\/div>\n\t\t\t\t<\/div>\n\t\t","protected":false},"excerpt":{"rendered":"<p>Vil du n\u00e5 ud til flere kunder? https:\/\/helenefruelund.dk\/test\/wp-content\/uploads\/2025\/06\/video.mov Telefonnummer21 82 96 22 HeleneFruelund.dk hj\u00e6lper dig og din virksomhed, s\u00e5 dine ord n\u00e5r ud til flere. Klart og direkte. Er vi enige om, at n\u00e5r du m\u00f8der en potentiel ny kunde, s\u00e5 s\u00f8rger du for, at firmabilen er ren og ryddelig, og at der ikke mangler &hellip; <\/p>\n<p class=\"link-more\"><a href=\"https:\/\/helenefruelund.dk\/\" class=\"more-link\">L\u00e6s mere<span class=\"screen-reader-text\"> \u201cForside\u201d<\/span><\/a><\/p>\n","protected":false},"author":1,"featured_media":0,"parent":0,"menu_order":0,"comment_status":"closed","ping_status":"closed","template":"elementor_header_footer","meta":{"inspiro_hide_title":false,"footnotes":""},"class_list":["post-16","page","type-page","status-publish","hentry"],"_links":{"self":[{"href":"https:\/\/helenefruelund.dk\/index.php\/wp-json\/wp\/v2\/pages\/16","targetHints":{"allow":["GET"]}}],"collection":[{"href":"https:\/\/helenefruelund.dk\/index.php\/wp-json\/wp\/v2\/pages"}],"about":[{"href":"https:\/\/helenefruelund.dk\/index.php\/wp-json\/wp\/v2\/types\/page"}],"author":[{"embeddable":true,"href":"https:\/\/helenefruelund.dk\/index.php\/wp-json\/wp\/v2\/users\/1"}],"replies":[{"embeddable":true,"href":"https:\/\/helenefruelund.dk\/index.php\/wp-json\/wp\/v2\/comments?post=16"}],"version-history":[{"count":13,"href":"https:\/\/helenefruelund.dk\/index.php\/wp-json\/wp\/v2\/pages\/16\/revisions"}],"predecessor-version":[{"id":40,"href":"https:\/\/helenefruelund.dk\/index.php\/wp-json\/wp\/v2\/pages\/16\/revisions\/40"}],"wp:attachment":[{"href":"https:\/\/helenefruelund.dk\/index.php\/wp-json\/wp\/v2\/media?parent=16"}],"curies":[{"name":"wp","href":"https:\/\/api.w.org\/{rel}","templated":true}]}}